{"id":393,"date":"2018-02-22T06:45:53","date_gmt":"2018-02-22T05:45:53","guid":{"rendered":"http:\/\/oiebulletin.com?page_id=393"},"modified":"2024-10-01T14:48:08","modified_gmt":"2024-10-01T12:48:08","slug":"notre-newsletter-mensuelle-relaie-des-informations-de-lorganisation","status":"publish","type":"page","link":"https:\/\/bulletin.woah.org\/?page_id=393&lang=fr","title":{"rendered":"Newsletter"},"content":{"rendered":"<p>Notre newsletter mensuelle relaie des informations de l\u2019Organisation, de son r\u00e9seau et de ses r\u00e9gions. Elle inclut les auto-d\u00e9clarations des Membres, des articles, des informations sur les publications de l\u2019OMSA&#8230;<br \/>\nInscrivez-vous \u00e0 la newsletter mensuelle pour rester inform\u00e9\u00b7e des derni\u00e8res activit\u00e9s au niveau mondial comme au niveau&nbsp;r\u00e9gional.<\/p>\n","protected":false},"excerpt":{"rendered":"<p>Notre newsletter mensuelle relaie des informations de l\u2019Organisation, de son r\u00e9seau et de ses r\u00e9gions. Elle inclut les auto-d\u00e9clarations des Membres, des articles, des informations sur les publications de l\u2019OMSA&#8230; Inscrivez-vous \u00e0 la newsletter mensuelle pour rester inform\u00e9\u00b7e des derni\u00e8res activit\u00e9s au niveau mondial comme au niveau&nbsp;r\u00e9gional.<\/p>\n","protected":false},"author":3,"featured_media":2090,"parent":0,"menu_order":0,"comment_status":"closed","ping_status":"closed","template":"page-newsletter.php","meta":{"inline_featured_image":false,"footnotes":""},"acf":[],"yoast_head":"<!-- This site is optimized with the Yoast SEO plugin v21.1 - https:\/\/yoast.com\/wordpress\/plugins\/seo\/ -->\n<title>Newsletter - WOAH Bulletin<\/title>\n<meta name=\"description\" content=\"Notre newsletter mensuelle relaie des informations de l\u2019Organisation, de son r\u00e9seau et de ses r\u00e9gions.\" \/>\n<meta name=\"robots\" content=\"index, follow, max-snippet:-1, max-image-preview:large, max-video-preview:-1\" \/>\n<link rel=\"canonical\" href=\"https:\/\/bulletin.woah.org\/?page_id=393&lang=fr\" \/>\n<meta property=\"og:locale\" content=\"en_US\" \/>\n<meta property=\"og:type\" content=\"article\" \/>\n<meta property=\"og:title\" content=\"Newsletter - WOAH Bulletin\" \/>\n<meta property=\"og:description\" content=\"Notre newsletter mensuelle relaie des informations de l\u2019Organisation, de son r\u00e9seau et de ses r\u00e9gions.\" \/>\n<meta property=\"og:url\" content=\"https:\/\/bulletin.woah.org\/?page_id=393&amp;lang=fr\" \/>\n<meta property=\"og:site_name\" content=\"WOAH Bulletin\" \/>\n<meta property=\"article:modified_time\" content=\"2024-10-01T12:48:08+00:00\" \/>\n<meta property=\"og:image\" content=\"https:\/\/bulletin.woah.org\/wp-content\/uploads\/2018\/04\/icone_oie_nl.png\" \/>\n\t<meta property=\"og:image:width\" content=\"260\" \/>\n\t<meta property=\"og:image:height\" content=\"248\" \/>\n\t<meta property=\"og:image:type\" content=\"image\/png\" \/>\n<meta name=\"twitter:card\" content=\"summary_large_image\" \/>\n<meta name=\"twitter:label1\" content=\"Est. reading time\" \/>\n\t<meta name=\"twitter:data1\" content=\"1 minute\" \/>\n<script type=\"application\/ld+json\" class=\"yoast-schema-graph\">{\"@context\":\"https:\/\/schema.org\",\"@graph\":[{\"@type\":\"WebPage\",\"@id\":\"https:\/\/bulletin.woah.org\/?page_id=393&lang=fr\",\"url\":\"https:\/\/bulletin.woah.org\/?page_id=393&lang=fr\",\"name\":\"Newsletter - WOAH Bulletin\",\"isPartOf\":{\"@id\":\"https:\/\/bulletin.woah.org\/?lang=es\/#website\"},\"datePublished\":\"2018-02-22T05:45:53+00:00\",\"dateModified\":\"2024-10-01T12:48:08+00:00\",\"description\":\"Notre newsletter mensuelle relaie des informations de l\u2019Organisation, de son r\u00e9seau et de ses r\u00e9gions.\",\"breadcrumb\":{\"@id\":\"https:\/\/bulletin.woah.org\/?page_id=393&lang=fr#breadcrumb\"},\"inLanguage\":\"en-US\",\"potentialAction\":[{\"@type\":\"ReadAction\",\"target\":[\"https:\/\/bulletin.woah.org\/?page_id=393&lang=fr\"]}]},{\"@type\":\"BreadcrumbList\",\"@id\":\"https:\/\/bulletin.woah.org\/?page_id=393&lang=fr#breadcrumb\",\"itemListElement\":[{\"@type\":\"ListItem\",\"position\":1,\"name\":\"Home\",\"item\":\"https:\/\/bulletin.woah.org\/?lang=es\"},{\"@type\":\"ListItem\",\"position\":2,\"name\":\"Newsletter\"}]},{\"@type\":\"WebSite\",\"@id\":\"https:\/\/bulletin.woah.org\/?lang=es\/#website\",\"url\":\"https:\/\/bulletin.woah.org\/?lang=es\/\",\"name\":\"WOAH Bulletin\",\"description\":\"The publication of the World Organisation for Animal Health\",\"potentialAction\":[{\"@type\":\"SearchAction\",\"target\":{\"@type\":\"EntryPoint\",\"urlTemplate\":\"https:\/\/bulletin.woah.org\/?lang=es\/?s={search_term_string}\"},\"query-input\":\"required name=search_term_string\"}],\"inLanguage\":\"en-US\"}]}<\/script>\n<!-- \/ Yoast SEO plugin. -->","yoast_head_json":{"title":"Newsletter - WOAH Bulletin","description":"Notre newsletter mensuelle relaie des informations de l\u2019Organisation, de son r\u00e9seau et de ses r\u00e9gions.","robots":{"index":"index","follow":"follow","max-snippet":"max-snippet:-1","max-image-preview":"max-image-preview:large","max-video-preview":"max-video-preview:-1"},"canonical":"https:\/\/bulletin.woah.org\/?page_id=393&lang=fr","og_locale":"en_US","og_type":"article","og_title":"Newsletter - WOAH Bulletin","og_description":"Notre newsletter mensuelle relaie des informations de l\u2019Organisation, de son r\u00e9seau et de ses r\u00e9gions.","og_url":"https:\/\/bulletin.woah.org\/?page_id=393&lang=fr","og_site_name":"WOAH Bulletin","article_modified_time":"2024-10-01T12:48:08+00:00","og_image":[{"width":260,"height":248,"url":"https:\/\/bulletin.woah.org\/wp-content\/uploads\/2018\/04\/icone_oie_nl.png","type":"image\/png"}],"twitter_card":"summary_large_image","twitter_misc":{"Est. reading time":"1 minute"},"schema":{"@context":"https:\/\/schema.org","@graph":[{"@type":"WebPage","@id":"https:\/\/bulletin.woah.org\/?page_id=393&lang=fr","url":"https:\/\/bulletin.woah.org\/?page_id=393&lang=fr","name":"Newsletter - WOAH Bulletin","isPartOf":{"@id":"https:\/\/bulletin.woah.org\/?lang=es\/#website"},"datePublished":"2018-02-22T05:45:53+00:00","dateModified":"2024-10-01T12:48:08+00:00","description":"Notre newsletter mensuelle relaie des informations de l\u2019Organisation, de son r\u00e9seau et de ses r\u00e9gions.","breadcrumb":{"@id":"https:\/\/bulletin.woah.org\/?page_id=393&lang=fr#breadcrumb"},"inLanguage":"en-US","potentialAction":[{"@type":"ReadAction","target":["https:\/\/bulletin.woah.org\/?page_id=393&lang=fr"]}]},{"@type":"BreadcrumbList","@id":"https:\/\/bulletin.woah.org\/?page_id=393&lang=fr#breadcrumb","itemListElement":[{"@type":"ListItem","position":1,"name":"Home","item":"https:\/\/bulletin.woah.org\/?lang=es"},{"@type":"ListItem","position":2,"name":"Newsletter"}]},{"@type":"WebSite","@id":"https:\/\/bulletin.woah.org\/?lang=es\/#website","url":"https:\/\/bulletin.woah.org\/?lang=es\/","name":"WOAH Bulletin","description":"The publication of the World Organisation for Animal Health","potentialAction":[{"@type":"SearchAction","target":{"@type":"EntryPoint","urlTemplate":"https:\/\/bulletin.woah.org\/?lang=es\/?s={search_term_string}"},"query-input":"required name=search_term_string"}],"inLanguage":"en-US"}]}},"_links":{"self":[{"href":"https:\/\/bulletin.woah.org\/index.php?rest_route=\/wp\/v2\/pages\/393"}],"collection":[{"href":"https:\/\/bulletin.woah.org\/index.php?rest_route=\/wp\/v2\/pages"}],"about":[{"href":"https:\/\/bulletin.woah.org\/index.php?rest_route=\/wp\/v2\/types\/page"}],"author":[{"embeddable":true,"href":"https:\/\/bulletin.woah.org\/index.php?rest_route=\/wp\/v2\/users\/3"}],"replies":[{"embeddable":true,"href":"https:\/\/bulletin.woah.org\/index.php?rest_route=%2Fwp%2Fv2%2Fcomments&post=393"}],"version-history":[{"count":4,"href":"https:\/\/bulletin.woah.org\/index.php?rest_route=\/wp\/v2\/pages\/393\/revisions"}],"predecessor-version":[{"id":26653,"href":"https:\/\/bulletin.woah.org\/index.php?rest_route=\/wp\/v2\/pages\/393\/revisions\/26653"}],"wp:featuredmedia":[{"embeddable":true,"href":"https:\/\/bulletin.woah.org\/index.php?rest_route=\/wp\/v2\/media\/2090"}],"wp:attachment":[{"href":"https:\/\/bulletin.woah.org\/index.php?rest_route=%2Fwp%2Fv2%2Fmedia&parent=393"}],"curies":[{"name":"wp","href":"https:\/\/api.w.org\/{rel}","templated":true}]}}